{"id":16101,"date":"2023-05-31T23:21:39","date_gmt":"2023-05-31T23:21:39","guid":{"rendered":"https:\/\/brevo.lt\/?post_type=product&#038;p=16101"},"modified":"2025-03-03T09:01:09","modified_gmt":"2025-03-03T09:01:09","slug":"%d1%82%d1%83%d1%80%d0%bc%d0%b0%d0%bb%d0%b8%d0%bd-%d0%bc%d0%b0%d1%80%d0%ba%d0%b8%d0%b7%d0%b0-%d0%b8%d1%82%d0%b0%d0%bb%d0%b8%d1%8f","status":"publish","type":"product","link":"https:\/\/brevo.lt\/ru\/produktas\/turekline-markize-italia\/","title":{"rendered":"\u0422\u0435\u043d\u0442 \u0441 \u043f\u0435\u0440\u0438\u043b\u0430\u043c\u0438 Italia"},"content":{"rendered":"<p>\u0411\u043b\u0430\u0433\u043e\u0434\u0430\u0440\u044f \u043f\u0440\u043e\u0441\u0442\u043e\u0439 \u0438 \u043b\u0435\u0433\u043a\u043e\u0439 \u043a\u043e\u043d\u0441\u0442\u0440\u0443\u043a\u0446\u0438\u0438 \u043c\u0430\u0440\u043a\u0438\u0437\u0430 Italia \u0438\u0434\u0435\u0430\u043b\u044c\u043d\u043e \u043f\u043e\u0434\u0445\u043e\u0434\u0438\u0442 \u0434\u043b\u044f \u0442\u0440\u0430\u0434\u0438\u0446\u0438\u043e\u043d\u043d\u044b\u0445 \u043e\u043a\u043e\u043d \u0438 \u043d\u0435\u0431\u043e\u043b\u044c\u0448\u0438\u0445 \u0431\u0430\u043b\u043a\u043e\u043d\u043e\u0432 \u0432 \u0436\u0438\u043b\u044b\u0445 \u0434\u043e\u043c\u0430\u0445, \u0433\u043e\u0441\u0442\u0438\u043d\u0438\u0446\u0430\u0445 \u0438 \u043f\u0430\u043d\u0441\u0438\u043e\u043d\u0430\u0442\u0430\u0445. \u0422\u043a\u0430\u043d\u044c \u0441\u043a\u0440\u044b\u0442\u0430 \u0432 \u0430\u043b\u044e\u043c\u0438\u043d\u0438\u0435\u0432\u043e\u0439 \u043a\u0430\u0441\u0441\u0435\u0442\u0435, \u043a\u043e\u0442\u043e\u0440\u0430\u044f \u0437\u0430\u0449\u0438\u0449\u0430\u0435\u0442 \u043c\u0430\u0442\u0435\u0440\u0438\u0430\u043b \u043e\u0442 \u0433\u0440\u044f\u0437\u0438 \u0438 \u043f\u043e\u0432\u0440\u0435\u0436\u0434\u0435\u043d\u0438\u0439.<br \/>\n\u0410\u043b\u044e\u043c\u0438\u043d\u0438\u0435\u0432\u044b\u0435 \u0440\u0443\u0447\u043a\u0438 \u043e\u0441\u043d\u0430\u0449\u0435\u043d\u044b \u0441\u043f\u0435\u0446\u0438\u0430\u043b\u044c\u043d\u043e\u0439 \u043f\u0440\u0443\u0436\u0438\u043d\u043e\u0439, \u043a\u043e\u0442\u043e\u0440\u0430\u044f \u0443\u0434\u0435\u0440\u0436\u0438\u0432\u0430\u0435\u0442 \u0442\u043a\u0430\u043d\u044c \u0432 \u043d\u0430\u0442\u044f\u043d\u0443\u0442\u043e\u043c \u0441\u043e\u0441\u0442\u043e\u044f\u043d\u0438\u0438 \u0438 \u043f\u0440\u0435\u0434\u043e\u0442\u0432\u0440\u0430\u0449\u0430\u0435\u0442 \u043d\u0435\u0436\u0435\u043b\u0430\u0442\u0435\u043b\u044c\u043d\u043e\u0435 \u0441\u043a\u043b\u0430\u0434\u044b\u0432\u0430\u043d\u0438\u0435 \u043f\u0440\u0438 \u0441\u0438\u043b\u044c\u043d\u043e\u043c \u0432\u0435\u0442\u0440\u0435. \u041c\u0430\u0440\u043a\u0438\u0437\u0430 \u043c\u043e\u0436\u0435\u0442 \u043e\u0442\u043a\u0440\u044b\u0432\u0430\u0442\u044c\u0441\u044f \u0438 \u0437\u0430\u043a\u0440\u044b\u0432\u0430\u0442\u044c\u0441\u044f \u0432\u0440\u0443\u0447\u043d\u0443\u044e \u0438\u043b\u0438 \u0441 \u043f\u043e\u043c\u043e\u0449\u044c\u044e \u044d\u043b\u0435\u043a\u0442\u0440\u043e\u043f\u0440\u0438\u0432\u043e\u0434\u0430. \u0428\u0438\u0440\u043e\u043a\u0438\u0439 \u0432\u044b\u0431\u043e\u0440 \u0442\u043a\u0430\u043d\u0435\u0439 \u0438 \u0432\u043e\u0437\u043c\u043e\u0436\u043d\u043e\u0441\u0442\u044c \u0432\u044b\u0431\u043e\u0440\u0430 \u0444\u043e\u0440\u043c\u044b \u043a\u0430\u0440\u043d\u0438\u0437\u0430 \u043f\u043e\u0437\u0432\u043e\u043b\u044f\u044e\u0442 \u043e\u043f\u0442\u0438\u043c\u0430\u043b\u044c\u043d\u043e \u0430\u0434\u0430\u043f\u0442\u0438\u0440\u043e\u0432\u0430\u0442\u044c \u043c\u0430\u0440\u043a\u0438\u0437\u0443 \u043a \u0430\u0440\u0445\u0438\u0442\u0435\u043a\u0442\u0443\u0440\u0435 \u0437\u0434\u0430\u043d\u0438\u044f.<\/p>","protected":false},"excerpt":{"rendered":"<p>D\u0117l savo paprastos ir lengvos konstrukcijos markiz\u0117 &#8220;Italia&#8221; puikiai tiks tradiciniams gyvenam\u0173j\u0173 nam\u0173, vie\u0161bu\u010di\u0173 ar sve\u010di\u0173 nam\u0173 langams ir nedideliems balkonams. Suvyniotas audinys paslepiamas aliuminio kaset\u0117je, kuri apsaugo med\u017eiag\u0105 nuo purvo ir pa\u017eeidim\u0173. Aliuminin\u0117s rankenos turi speciali\u0105 spyruokl\u0119, kuri u\u017etikrina audinio \u012ftempim\u0105 ir apsaugo nuo nepageidaujamo sulankstymo spaud\u017eiant v\u0117jui. Markiz\u0119 galima atidaryti ir u\u017edaryti rankiniu [&hellip;]<\/p>\n","protected":false},"featured_media":20054,"comment_status":"open","ping_status":"closed","template":"","meta":{"_acf_changed":false,"_gspb_post_css":"","_kad_blocks_custom_css":"","_kad_blocks_head_custom_js":"","_kad_blocks_body_custom_js":"","_kad_blocks_footer_custom_js":""},"product_brand":[],"product_cat":[202,224,373,201],"product_tag":[],"class_list":{"0":"post-16101","1":"product","2":"type-product","3":"status-publish","4":"has-post-thumbnail","6":"product_cat-kasetines-markizes-balkonui","7":"product_cat-balkonines","8":"product_cat-kasetines","9":"product_cat-markizes","11":"first","12":"instock","13":"sale","14":"taxable","15":"shipping-taxable","16":"purchasable","17":"product-type-variable","18":"has-default-attributes"},"acf":[],"taxonomy_info":{"product_cat":[{"value":202,"label":"Kasetin\u0117s markiz\u0117s balkonui"},{"value":224,"label":"Balkonin\u0117s markiz\u0117s"},{"value":373,"label":"Kasetin\u0117s markiz\u0117s"},{"value":201,"label":"Markiz\u0117s"}]},"featured_image_src_large":["https:\/\/brevo.lt\/wp-content\/uploads\/2023\/05\/turekline_markize_italia.webp",800,600,false],"author_info":[],"comment_info":0,"_links":{"self":[{"href":"https:\/\/brevo.lt\/ru\/wp-json\/wp\/v2\/product\/16101","targetHints":{"allow":["GET"]}}],"collection":[{"href":"https:\/\/brevo.lt\/ru\/wp-json\/wp\/v2\/product"}],"about":[{"href":"https:\/\/brevo.lt\/ru\/wp-json\/wp\/v2\/types\/product"}],"replies":[{"embeddable":true,"href":"https:\/\/brevo.lt\/ru\/wp-json\/wp\/v2\/comments?post=16101"}],"wp:featuredmedia":[{"embeddable":true,"href":"https:\/\/brevo.lt\/ru\/wp-json\/wp\/v2\/media\/20054"}],"wp:attachment":[{"href":"https:\/\/brevo.lt\/ru\/wp-json\/wp\/v2\/media?parent=16101"}],"wp:term":[{"taxonomy":"product_brand","embeddable":true,"href":"https:\/\/brevo.lt\/ru\/wp-json\/wp\/v2\/product_brand?post=16101"},{"taxonomy":"product_cat","embeddable":true,"href":"https:\/\/brevo.lt\/ru\/wp-json\/wp\/v2\/product_cat?post=16101"},{"taxonomy":"product_tag","embeddable":true,"href":"https:\/\/brevo.lt\/ru\/wp-json\/wp\/v2\/product_tag?post=16101"}],"curies":[{"name":"wp","href":"https:\/\/api.w.org\/{rel}","templated":true}]}}