{"id":16154,"date":"2023-06-01T00:26:38","date_gmt":"2023-06-01T00:26:38","guid":{"rendered":"https:\/\/brevo.lt\/?post_type=product&#038;p=16154"},"modified":"2025-08-26T06:00:03","modified_gmt":"2025-08-26T06:00:03","slug":"%d0%bd%d0%b0%d0%b2%d0%b5%d1%81%d1%8b-%d0%b4%d0%bb%d1%8f-%d1%82%d0%b5%d1%80%d1%80%d0%b0%d1%81-%d0%ba%d0%b0%d1%81%d0%b0%d0%b1%d0%bb%d0%b0%d0%bd%d0%ba%d0%b0","status":"publish","type":"product","link":"https:\/\/brevo.lt\/ru\/produktas\/terasine-markize-casablanca\/","title":{"rendered":"\u0422\u0435\u043d\u0442 \u0434\u043b\u044f \u0442\u0435\u0440\u0440\u0430\u0441\u044b Casablanca"},"content":{"rendered":"<p>\"\u041c\u0430\u0440\u043a\u0438\u0437\u0430 Casablanca \u043e\u0441\u043d\u0430\u0449\u0435\u043d\u0430 \u043f\u043e\u043b\u043d\u043e\u0441\u0442\u044c\u044e \u0437\u0430\u043a\u0440\u044b\u0442\u043e\u0439 \u043a\u0430\u0441\u0441\u0435\u0442\u043e\u0439, \u043a\u043e\u0442\u043e\u0440\u0430\u044f \u043f\u043e\u0434\u0447\u0435\u0440\u043a\u0438\u0432\u0430\u0435\u0442 \u0441\u043e\u0432\u0440\u0435\u043c\u0435\u043d\u043d\u0443\u044e \u0444\u043e\u0440\u043c\u0443 \u043c\u0430\u0440\u043a\u0438\u0437\u044b, \u0437\u0430\u0449\u0438\u0449\u0430\u044f \u0442\u043a\u0430\u043d\u044c \u0438 \u0440\u0443\u0447\u043a\u0438 \u043e\u0442 \u0432\u043d\u0435\u0448\u043d\u0438\u0445 \u0432\u043e\u0437\u0434\u0435\u0439\u0441\u0442\u0432\u0438\u0439. \u0414\u043b\u044f \u043f\u043e\u043b\u043d\u043e\u0439 \u0437\u0430\u0449\u0438\u0442\u044b \u0442\u043a\u0430\u043d\u0438 \u0432\u043d\u0443\u0442\u0440\u0438 \u043a\u0430\u0441\u0441\u0435\u0442\u044b \u0438\u0441\u043f\u043e\u043b\u044c\u0437\u0443\u044e\u0442\u0441\u044f \u0434\u043e\u043f\u043e\u043b\u043d\u0438\u0442\u0435\u043b\u044c\u043d\u044b\u0435 \u0437\u0430\u0449\u0438\u0442\u043d\u044b\u0435 \u043f\u0440\u043e\u043a\u043b\u0430\u0434\u043a\u0438.<br \/>\n\u041a\u043e\u043d\u0441\u0442\u0440\u0443\u043a\u0446\u0438\u044f \u0438\u0437\u0433\u043e\u0442\u043e\u0432\u043b\u0435\u043d\u0430 \u0438\u0437 \u044d\u043a\u0441\u0442\u0440\u0443\u0434\u0438\u0440\u043e\u0432\u0430\u043d\u043d\u043e\u0433\u043e \u0430\u043b\u044e\u043c\u0438\u043d\u0438\u044f, \u0447\u0442\u043e \u043e\u0431\u0435\u0441\u043f\u0435\u0447\u0438\u0432\u0430\u0435\u0442 \u0432\u044b\u0441\u043e\u043a\u0443\u044e \u043f\u0440\u043e\u0447\u043d\u043e\u0441\u0442\u044c. \u0411\u043e\u043a\u043e\u0432\u044b\u0435 \u043a\u0440\u044b\u0448\u043a\u0438 \u0442\u0430\u043a\u0436\u0435 \u0438\u0437\u0433\u043e\u0442\u043e\u0432\u043b\u0435\u043d\u044b \u0438\u0437 \u0430\u043b\u044e\u043c\u0438\u043d\u0438\u044f. \u0420\u0443\u0447\u043a\u0438 \u043e\u0441\u043d\u0430\u0449\u0435\u043d\u044b \u0446\u0435\u043f\u044f\u043c\u0438 Flyer, \u043a\u043e\u0442\u043e\u0440\u044b\u0435 \u043e\u0431\u0435\u0441\u043f\u0435\u0447\u0438\u0432\u0430\u044e\u0442 \u043d\u0430\u0434\u0435\u0436\u043d\u0443\u044e \u0438 \u0431\u0435\u0437\u043e\u043f\u0430\u0441\u043d\u0443\u044e \u0440\u0430\u0431\u043e\u0442\u0443 \u0434\u0430\u0436\u0435 \u043f\u0440\u0438 \u0431\u043e\u043b\u044c\u0448\u0438\u0445 \u0440\u0430\u0437\u043c\u0435\u0440\u0430\u0445 \u043c\u0430\u0440\u043a\u0438\u0437\u044b.<\/p>","protected":false},"excerpt":{"rendered":"<p>&#8220;Casablanca&#8221; markiz\u0117je \u012frengta pilna u\u017edara kaset\u0117, kuri i\u0161ry\u0161kina moderni\u0105 markiz\u0117s form\u0105 ir kartu apsaugo audin\u012f ir rankenas nuo nepalanki\u0173 oro s\u0105lyg\u0173. Kad audinys kaset\u0117s viduje b\u016bt\u0173 visi\u0161kai apsaugotas, naudojamos papildomos apsaugin\u0117s tarpin\u0117s. Konstrukcija pagaminta i\u0161 ekstruzinio aliuminio, kuris u\u017etikrina didel\u012f jos patvarum\u0105. \u0160oniniai dangteliai taip pat pagaminti i\u0161 aliuminio. Ant ranken\u0173 sumontuotos &#8220;Flyer&#8221; grandin\u0117s, kurios [&hellip;]<\/p>\n","protected":false},"featured_media":19947,"comment_status":"open","ping_status":"closed","template":"","meta":{"_acf_changed":false,"_gspb_post_css":"","_kad_blocks_custom_css":"","_kad_blocks_head_custom_js":"","_kad_blocks_body_custom_js":"","_kad_blocks_footer_custom_js":""},"product_brand":[],"product_cat":[214,373,201,225],"product_tag":[],"class_list":{"0":"post-16154","1":"product","2":"type-product","3":"status-publish","4":"has-post-thumbnail","6":"product_cat-kasetines-markizes-terasai","7":"product_cat-kasetines","8":"product_cat-markizes","9":"product_cat-terasines","11":"first","12":"instock","13":"sale","14":"taxable","15":"shipping-taxable","16":"purchasable","17":"product-type-variable","18":"has-default-attributes"},"acf":[],"taxonomy_info":{"product_cat":[{"value":214,"label":"Kasetin\u0117s markiz\u0117s terasai"},{"value":373,"label":"Kasetin\u0117s markiz\u0117s"},{"value":201,"label":"Markiz\u0117s"},{"value":225,"label":"Terasin\u0117s markiz\u0117s"}]},"featured_image_src_large":["https:\/\/brevo.lt\/wp-content\/uploads\/2024\/07\/terasine_markize_casablanca.webp",800,600,false],"author_info":[],"comment_info":15,"_links":{"self":[{"href":"https:\/\/brevo.lt\/ru\/wp-json\/wp\/v2\/product\/16154","targetHints":{"allow":["GET"]}}],"collection":[{"href":"https:\/\/brevo.lt\/ru\/wp-json\/wp\/v2\/product"}],"about":[{"href":"https:\/\/brevo.lt\/ru\/wp-json\/wp\/v2\/types\/product"}],"replies":[{"embeddable":true,"href":"https:\/\/brevo.lt\/ru\/wp-json\/wp\/v2\/comments?post=16154"}],"wp:featuredmedia":[{"embeddable":true,"href":"https:\/\/brevo.lt\/ru\/wp-json\/wp\/v2\/media\/19947"}],"wp:attachment":[{"href":"https:\/\/brevo.lt\/ru\/wp-json\/wp\/v2\/media?parent=16154"}],"wp:term":[{"taxonomy":"product_brand","embeddable":true,"href":"https:\/\/brevo.lt\/ru\/wp-json\/wp\/v2\/product_brand?post=16154"},{"taxonomy":"product_cat","embeddable":true,"href":"https:\/\/brevo.lt\/ru\/wp-json\/wp\/v2\/product_cat?post=16154"},{"taxonomy":"product_tag","embeddable":true,"href":"https:\/\/brevo.lt\/ru\/wp-json\/wp\/v2\/product_tag?post=16154"}],"curies":[{"name":"wp","href":"https:\/\/api.w.org\/{rel}","templated":true}]}}