{"id":20546,"date":"2025-02-06T16:11:45","date_gmt":"2025-02-06T16:11:45","guid":{"rendered":"https:\/\/brevo.lt\/?post_type=product&#038;p=20546"},"modified":"2026-04-12T17:17:41","modified_gmt":"2026-04-12T17:17:41","slug":"%d1%81%d1%82%d0%b5%d0%ba%d0%bb%d1%8f%d0%bd%d0%bd%d0%b0%d1%8f-%d0%ba%d1%80%d1%8b%d1%88%d0%b0-%d0%b1%d0%b5%d1%81%d0%b5%d0%b4%d0%ba%d0%b8","status":"publish","type":"product","link":"https:\/\/brevo.lt\/ru\/produktas\/stogine-pergola-glass\/","title":{"rendered":"\u041d\u0430\u0432\u0435\u0441 \u041f\u0435\u0440\u0433\u043e\u043b\u0430 \u0421\u0442\u0435\u043a\u043b\u043e"},"content":{"rendered":"<p>Pergola Glass - \u044d\u0442\u043e \u0441\u043e\u0432\u0440\u0435\u043c\u0435\u043d\u043d\u043e\u0435 \u0438 \u044d\u043a\u0441\u043a\u043b\u044e\u0437\u0438\u0432\u043d\u043e\u0435 \u0440\u0435\u0448\u0435\u043d\u0438\u0435 \u0434\u043b\u044f \u0432\u0430\u0448\u0435\u0433\u043e \u043e\u0442\u043a\u0440\u044b\u0442\u043e\u0433\u043e \u043f\u0440\u043e\u0441\u0442\u0440\u0430\u043d\u0441\u0442\u0432\u0430, \u043f\u0440\u0435\u0434\u043b\u0430\u0433\u0430\u044e\u0449\u0435\u0435 \u044d\u043b\u0435\u0433\u0430\u043d\u0442\u043d\u044b\u0439 \u0434\u0438\u0437\u0430\u0439\u043d \u0438 \u0444\u0443\u043d\u043a\u0446\u0438\u043e\u043d\u0430\u043b\u044c\u043d\u043e\u0441\u0442\u044c. \u041e\u043d\u0430 \u0438\u043c\u0435\u0435\u0442 \u043a\u0443\u0431\u0438\u0447\u0435\u0441\u043a\u0443\u044e \u043a\u043e\u043d\u0441\u0442\u0440\u0443\u043a\u0446\u0438\u044e \u043a\u0440\u044b\u0448\u0438 \u0438 \u0441\u0442\u0435\u043a\u043b\u044f\u043d\u043d\u044b\u0435 \u043f\u0430\u043d\u0435\u043b\u0438, \u043a\u043e\u0442\u043e\u0440\u044b\u0435 \u043f\u0440\u043e\u043f\u0443\u0441\u043a\u0430\u044e\u0442 \u043c\u043d\u043e\u0433\u043e \u0435\u0441\u0442\u0435\u0441\u0442\u0432\u0435\u043d\u043d\u043e\u0433\u043e \u0441\u0432\u0435\u0442\u0430 \u0438 \u043f\u043e\u0437\u0432\u043e\u043b\u044f\u044e\u0442 \u0432\u0430\u043c \u0441\u0432\u043e\u0431\u043e\u0434\u043d\u043e \u043d\u0430\u0441\u043b\u0430\u0436\u0434\u0430\u0442\u044c\u0441\u044f \u043e\u043a\u0440\u0443\u0436\u0430\u044e\u0449\u0435\u0439 \u0441\u0440\u0435\u0434\u043e\u0439 \u0434\u043d\u0435\u043c \u0438 \u0432\u0435\u0447\u0435\u0440\u043e\u043c. \u0418\u043d\u043d\u043e\u0432\u0430\u0446\u0438\u043e\u043d\u043d\u0430\u044f \u043a\u043e\u043d\u0441\u0442\u0440\u0443\u043a\u0446\u0438\u044f \u043f\u043e\u0437\u0432\u043e\u043b\u044f\u0435\u0442 \u0440\u0430\u0441\u0448\u0438\u0440\u0438\u0442\u044c \u043f\u0440\u043e\u0441\u0442\u0440\u0430\u043d\u0441\u0442\u0432\u043e \u0434\u043e 7 \u043c\u0435\u0442\u0440\u043e\u0432 \u0441 \u043f\u043e\u043c\u043e\u0449\u044c\u044e \u0432\u0441\u0435\u0433\u043e \u0434\u0432\u0443\u0445 \u043e\u043f\u043e\u0440, \u043f\u0440\u0438\u0434\u0430\u0432\u0430\u044f \u0435\u043c\u0443 \u043b\u0435\u0433\u043a\u043e\u0441\u0442\u044c \u0438 \u0431\u0435\u0441\u043f\u0440\u0435\u043f\u044f\u0442\u0441\u0442\u0432\u0435\u043d\u043d\u043e\u0441\u0442\u044c. \u0412\u0441\u0442\u0440\u043e\u0435\u043d\u043d\u043e\u0435 \u0441\u0432\u0435\u0442\u043e\u0434\u0438\u043e\u0434\u043d\u043e\u0435 \u043e\u0441\u0432\u0435\u0449\u0435\u043d\u0438\u0435 \u0441\u043e\u0437\u0434\u0430\u0435\u0442 \u0443\u044e\u0442\u043d\u0443\u044e \u0430\u0442\u043c\u043e\u0441\u0444\u0435\u0440\u0443 \u0432 \u0432\u0435\u0447\u0435\u0440\u043d\u0435\u0435 \u0432\u0440\u0435\u043c\u044f, \u0430 \u0432\u044b\u0431\u043e\u0440 \u0446\u0432\u0435\u0442\u043e\u0432 - \u0430\u043d\u0442\u0440\u0430\u0446\u0438\u0442, \u0447\u0435\u0440\u043d\u044b\u0439 \u0438 \u0431\u0435\u043b\u044b\u0439 - \u043f\u043e\u0437\u0432\u043e\u043b\u044f\u0435\u0442 \u0430\u0434\u0430\u043f\u0442\u0438\u0440\u043e\u0432\u0430\u0442\u044c \u043c\u0430\u0440\u043a\u0438\u0437\u0443 \u043a \u0440\u0430\u0437\u043b\u0438\u0447\u043d\u044b\u043c \u044d\u043a\u0441\u0442\u0435\u0440\u044c\u0435\u0440\u0430\u043c. \u041d\u0430\u0432\u0435\u0441 \u043c\u043e\u0436\u0435\u0442 \u0431\u044b\u0442\u044c \u043a\u0430\u043a \u043e\u0442\u0434\u0435\u043b\u044c\u043d\u043e \u0441\u0442\u043e\u044f\u0449\u0438\u043c, \u0442\u0430\u043a \u0438 \u043f\u0440\u0438\u043a\u0440\u0435\u043f\u043b\u0435\u043d\u043d\u044b\u043c \u043a \u0441\u0442\u0435\u043d\u0435, \u0447\u0442\u043e \u043f\u043e\u0437\u0432\u043e\u043b\u044f\u0435\u0442 \u043f\u043e\u0434\u043e\u0431\u0440\u0430\u0442\u044c \u0435\u0433\u043e \u0432 \u0441\u043e\u043e\u0442\u0432\u0435\u0442\u0441\u0442\u0432\u0438\u0438 \u0441 \u0438\u043d\u0434\u0438\u0432\u0438\u0434\u0443\u0430\u043b\u044c\u043d\u044b\u043c\u0438 \u043f\u043e\u0442\u0440\u0435\u0431\u043d\u043e\u0441\u0442\u044f\u043c\u0438. \u041f\u0440\u043e\u0447\u043d\u043e\u0435 10-\u043c\u0438\u043b\u043b\u0438\u043c\u0435\u0442\u0440\u043e\u0432\u043e\u0435 \u0431\u0435\u0437\u043e\u043f\u0430\u0441\u043d\u043e\u0435 \u0441\u0442\u0435\u043a\u043b\u043e \u043e\u0431\u0435\u0441\u043f\u0435\u0447\u0438\u0432\u0430\u0435\u0442 \u043f\u0440\u043e\u0447\u043d\u043e\u0441\u0442\u044c \u0438 \u0434\u043e\u043b\u0433\u043e\u0432\u0435\u0447\u043d\u043e\u0441\u0442\u044c \u0434\u0430\u0436\u0435 \u0432 \u0441\u043b\u043e\u0436\u043d\u044b\u0445 \u043f\u043e\u0433\u043e\u0434\u043d\u044b\u0445 \u0443\u0441\u043b\u043e\u0432\u0438\u044f\u0445. \u0414\u043e\u043f\u043e\u043b\u043d\u0438\u0442\u0435\u043b\u044c\u043d\u044b\u0435 \u0444\u0443\u043d\u043a\u0446\u0438\u0438, \u0442\u0430\u043a\u0438\u0435 \u043a\u0430\u043a \u0440\u0443\u043b\u043e\u043d\u043d\u044b\u0435 \u0448\u0442\u043e\u0440\u044b \u043d\u0430 \u043c\u043e\u043b\u043d\u0438\u0438, \u0436\u0430\u043b\u044e\u0437\u0438\u0439\u043d\u044b\u0435 \u043f\u0430\u043d\u0435\u043b\u0438, \u043e\u0441\u0442\u0435\u043a\u043b\u0435\u043d\u0438\u0435 \u0438\u043b\u0438 \u043e\u0431\u043e\u0433\u0440\u0435\u0432\u0430\u0442\u0435\u043b\u0438, \u043e\u0431\u0435\u0441\u043f\u0435\u0447\u0438\u0432\u0430\u044e\u0442 \u043c\u0430\u043a\u0441\u0438\u043c\u0430\u043b\u044c\u043d\u044b\u0439 \u043a\u043e\u043c\u0444\u043e\u0440\u0442. Pergola Glass \u043d\u0435 \u0442\u043e\u043b\u044c\u043a\u043e \u0437\u0430\u0449\u0438\u0449\u0430\u0435\u0442 \u043e\u0442 \u0441\u043e\u043b\u043d\u0446\u0430 \u0438 \u0434\u043e\u0436\u0434\u044f, \u043d\u043e \u0438 \u0441\u043e\u0437\u0434\u0430\u0435\u0442 \u0441\u0442\u0438\u043b\u044c\u043d\u043e\u0435 \u0438 \u043f\u0440\u0430\u043a\u0442\u0438\u0447\u043d\u043e\u0435 \u043e\u0442\u043a\u0440\u044b\u0442\u043e\u0435 \u043f\u0440\u043e\u0441\u0442\u0440\u0430\u043d\u0441\u0442\u0432\u043e, \u043a\u043e\u0442\u043e\u0440\u043e\u0435 \u043c\u043e\u0436\u043d\u043e \u0438\u0441\u043f\u043e\u043b\u044c\u0437\u043e\u0432\u0430\u0442\u044c \u043a\u0440\u0443\u0433\u043b\u044b\u0439 \u0433\u043e\u0434. \u042d\u0442\u043e \u0438\u0434\u0435\u0430\u043b\u044c\u043d\u043e\u0435 \u0440\u0435\u0448\u0435\u043d\u0438\u0435 \u0434\u043b\u044f \u0442\u0435\u0445, \u043a\u0442\u043e \u0445\u043e\u0447\u0435\u0442 \u043f\u043e\u043b\u0443\u0447\u0438\u0442\u044c \u0441\u043e\u0432\u0440\u0435\u043c\u0435\u043d\u043d\u044b\u0439 \u0434\u0438\u0437\u0430\u0439\u043d, \u043a\u043e\u043c\u0444\u043e\u0440\u0442 \u0438 \u0432\u044b\u0441\u043e\u043a\u043e\u0435 \u043a\u0430\u0447\u0435\u0441\u0442\u0432\u043e \u0432 \u043e\u0434\u043d\u043e\u043c \u0438\u0437\u0434\u0435\u043b\u0438\u0438.<\/p>","protected":false},"excerpt":{"rendered":"<p>Stogin\u0117 Pergola Glass \u2013 tai modernus ir i\u0161skirtinis sprendimas j\u016bs\u0173 lauko erdvei, suteikiantis eleganti\u0161k\u0105 dizain\u0105 ir funkcionalum\u0105. \u0160i stogin\u0117 i\u0161siskiria kubiniu stogo dizainu ir stiklin\u0117mis plok\u0161t\u0117mis, kurios u\u017etikrina gaus\u0173 nat\u016bralios \u0161viesos patekim\u0105 bei leid\u017eia nevar\u017eomai m\u0117gautis aplinka tiek dien\u0105, tiek vakare. Inovatyvus dizainas leid\u017eia pasiekti net 7 metr\u0173 ilgio i\u0161sipl\u0117tim\u0105 vos su dviem atramomis, suteikiant [&hellip;]<\/p>\n","protected":false},"featured_media":20589,"comment_status":"open","ping_status":"closed","template":"","meta":{"_acf_changed":false,"_gspb_post_css":"","_kad_blocks_custom_css":"","_kad_blocks_head_custom_js":"","_kad_blocks_body_custom_js":"","_kad_blocks_footer_custom_js":""},"product_brand":[],"product_cat":[156],"product_tag":[],"class_list":{"0":"post-20546","1":"product","2":"type-product","3":"status-publish","4":"has-post-thumbnail","6":"product_cat-stogines","8":"first","9":"instock","10":"taxable","11":"shipping-taxable","12":"purchasable","13":"product-type-variable"},"acf":[],"taxonomy_info":{"product_cat":[{"value":156,"label":"Stogin\u0117s"}]},"featured_image_src_large":["https:\/\/brevo.lt\/wp-content\/uploads\/2025\/02\/6.jpg",800,800,false],"author_info":[],"comment_info":0,"_links":{"self":[{"href":"https:\/\/brevo.lt\/ru\/wp-json\/wp\/v2\/product\/20546","targetHints":{"allow":["GET"]}}],"collection":[{"href":"https:\/\/brevo.lt\/ru\/wp-json\/wp\/v2\/product"}],"about":[{"href":"https:\/\/brevo.lt\/ru\/wp-json\/wp\/v2\/types\/product"}],"replies":[{"embeddable":true,"href":"https:\/\/brevo.lt\/ru\/wp-json\/wp\/v2\/comments?post=20546"}],"wp:featuredmedia":[{"embeddable":true,"href":"https:\/\/brevo.lt\/ru\/wp-json\/wp\/v2\/media\/20589"}],"wp:attachment":[{"href":"https:\/\/brevo.lt\/ru\/wp-json\/wp\/v2\/media?parent=20546"}],"wp:term":[{"taxonomy":"product_brand","embeddable":true,"href":"https:\/\/brevo.lt\/ru\/wp-json\/wp\/v2\/product_brand?post=20546"},{"taxonomy":"product_cat","embeddable":true,"href":"https:\/\/brevo.lt\/ru\/wp-json\/wp\/v2\/product_cat?post=20546"},{"taxonomy":"product_tag","embeddable":true,"href":"https:\/\/brevo.lt\/ru\/wp-json\/wp\/v2\/product_tag?post=20546"}],"curies":[{"name":"wp","href":"https:\/\/api.w.org\/{rel}","templated":true}]}}