{"id":21258,"date":"2025-02-20T10:31:58","date_gmt":"2025-02-20T10:31:58","guid":{"rendered":"https:\/\/brevo.lt\/?post_type=product&#038;p=21258"},"modified":"2026-03-20T06:35:15","modified_gmt":"2026-03-20T06:35:15","slug":"%d0%bf%d0%b5%d1%80%d0%b3%d0%be%d0%bb%d0%b0-royal-pro","status":"publish","type":"product","link":"https:\/\/brevo.lt\/ru\/produktas\/pergola-royal-pro\/","title":{"rendered":"\u041f\u0435\u0440\u0433\u043e\u043b\u0430-\u0431\u0435\u0441\u0435\u0434\u043a\u0430 Royal PRO"},"content":{"rendered":"<p><strong data-start=\"0\" data-end=\"21\" data-is-only-node=\"\">\u041f\u0435\u0440\u0433\u043e\u043b\u0430 Royal PRO<\/strong> - \u044d\u0442\u043e \u0443\u043d\u0438\u043a\u0430\u043b\u044c\u043d\u043e\u0435 \u0440\u0435\u0448\u0435\u043d\u0438\u0435 \u0434\u043b\u044f \u0443\u043b\u0438\u0446\u044b, \u0441\u043e\u0447\u0435\u0442\u0430\u044e\u0449\u0435\u0435 \u0432 \u0441\u0435\u0431\u0435 \u0441\u043e\u0432\u0440\u0435\u043c\u0435\u043d\u043d\u044b\u0439 \u0434\u0438\u0437\u0430\u0439\u043d, \u043f\u0435\u0440\u0435\u0434\u043e\u0432\u044b\u0435 \u0442\u0435\u0445\u043d\u043e\u043b\u043e\u0433\u0438\u0438 \u0438 \u043c\u0430\u0442\u0435\u0440\u0438\u0430\u043b\u044b \u0432\u044b\u0441\u043e\u0447\u0430\u0439\u0448\u0435\u0433\u043e \u043a\u0430\u0447\u0435\u0441\u0442\u0432\u0430. \u041f\u0440\u043e\u0447\u043d\u0430\u044f \u0430\u043b\u044e\u043c\u0438\u043d\u0438\u0435\u0432\u0430\u044f \u043a\u043e\u043d\u0441\u0442\u0440\u0443\u043a\u0446\u0438\u044f \u0438 \u043f\u043b\u0430\u043d\u043a\u0438 \u0434\u0432\u043e\u0439\u043d\u043e\u0433\u043e \u043f\u0440\u043e\u0444\u0438\u043b\u044f \u043e\u0431\u0435\u0441\u043f\u0435\u0447\u0438\u0432\u0430\u044e\u0442 \u0434\u043e\u043b\u0433\u043e\u0432\u0435\u0447\u043d\u043e\u0441\u0442\u044c, \u0430 \u0430\u0432\u0442\u043e\u043c\u0430\u0442\u0438\u0447\u0435\u0441\u043a\u0438 \u0443\u043f\u0440\u0430\u0432\u043b\u044f\u0435\u043c\u0430\u044f \u043a\u0440\u044b\u0448\u0430 \u043f\u043e\u0437\u0432\u043e\u043b\u044f\u0435\u0442 \u043b\u0435\u0433\u043a\u043e \u0440\u0435\u0433\u0443\u043b\u0438\u0440\u043e\u0432\u0430\u0442\u044c \u043e\u0441\u0432\u0435\u0449\u0435\u043d\u0438\u0435 \u0438 \u0437\u0430\u0449\u0438\u0442\u0443 \u043e\u0442 \u043d\u0435\u043f\u043e\u0433\u043e\u0434\u044b. \u0412\u0441\u0442\u0440\u043e\u0435\u043d\u043d\u0430\u044f \u0441\u0438\u0441\u0442\u0435\u043c\u0430 \u0432\u043e\u0434\u043e\u043e\u0442\u0432\u043e\u0434\u0430 \u044d\u0444\u0444\u0435\u043a\u0442\u0438\u0432\u043d\u043e \u043e\u0442\u0432\u043e\u0434\u0438\u0442 \u0434\u043e\u0436\u0434\u0435\u0432\u0443\u044e \u0432\u043e\u0434\u0443, \u0441\u043e\u0445\u0440\u0430\u043d\u044f\u044f \u044d\u0441\u0442\u0435\u0442\u0438\u043a\u0443 \u0431\u0435\u0441\u0435\u0434\u043a\u0438. \u0414\u043b\u044f \u0441\u043e\u0437\u0434\u0430\u043d\u0438\u044f \u0443\u044e\u0442\u043d\u043e\u0439 \u0430\u0442\u043c\u043e\u0441\u0444\u0435\u0440\u044b \u0432 \u0432\u0435\u0447\u0435\u0440\u043d\u0435\u0435 \u0432\u0440\u0435\u043c\u044f \u0432 \u0441\u0442\u0430\u043d\u0434\u0430\u0440\u0442\u043d\u0443\u044e \u043a\u043e\u043c\u043f\u043b\u0435\u043a\u0442\u0430\u0446\u0438\u044e \u0432\u0445\u043e\u0434\u0438\u0442 \u0441\u0432\u0435\u0442\u043e\u0434\u0438\u043e\u0434\u043d\u043e\u0435 \u043e\u0441\u0432\u0435\u0449\u0435\u043d\u0438\u0435. \u0411\u0435\u0441\u0435\u0434\u043a\u0430 \u043c\u043e\u0436\u0435\u0442 \u0431\u044b\u0442\u044c \u043e\u0442\u0434\u0435\u043b\u044c\u043d\u043e \u0441\u0442\u043e\u044f\u0449\u0435\u0439 \u0438\u043b\u0438 \u043f\u0440\u0438\u043a\u0440\u0435\u043f\u043b\u0435\u043d\u043d\u043e\u0439 \u043a \u0441\u0442\u0435\u043d\u0435, \u0430 \u0434\u043e\u043f\u043e\u043b\u043d\u0438\u0442\u0435\u043b\u044c\u043d\u044b\u0435 \u043e\u043f\u0446\u0438\u0438, \u0442\u0430\u043a\u0438\u0435 \u043a\u0430\u043a \u0431\u043e\u043a\u043e\u0432\u044b\u0435 \u0441\u0442\u0435\u043d\u043a\u0438 \u0438\u043b\u0438 \u043e\u0441\u0442\u0435\u043a\u043b\u0435\u043d\u0438\u0435, \u043f\u043e\u0437\u0432\u043e\u043b\u044f\u044e\u0442 \u0441\u0434\u0435\u043b\u0430\u0442\u044c \u0435\u0435 \u0435\u0449\u0435 \u0431\u043e\u043b\u0435\u0435 \u0438\u043d\u0434\u0438\u0432\u0438\u0434\u0443\u0430\u043b\u044c\u043d\u043e\u0439. <strong data-start=\"706\" data-end=\"727\">\u041f\u0435\u0440\u0433\u043e\u043b\u0430 Royal PRO<\/strong> - \u0438\u043d\u043d\u043e\u0432\u0430\u0446\u0438\u043e\u043d\u043d\u043e\u0435 \u0438 \u0441\u0442\u0438\u043b\u044c\u043d\u043e\u0435 \u0440\u0435\u0448\u0435\u043d\u0438\u0435 \u0434\u043b\u044f \u0432\u0430\u0448\u0435\u0433\u043e \u043e\u0442\u043a\u0440\u044b\u0442\u043e\u0433\u043e \u043f\u0440\u043e\u0441\u0442\u0440\u0430\u043d\u0441\u0442\u0432\u0430.<\/p>","protected":false},"excerpt":{"rendered":"<p>Pergola Royal PRO \u2013 tai i\u0161skirtinis lauko sprendimas, sujungiantis modern\u0173 dizain\u0105, pa\u017eangias technologijas ir auk\u0161\u010diausios kokyb\u0117s med\u017eiagas. Tvirta aliuminio konstrukcija ir dvigubo profilio lamel\u0117s u\u017etikrina ilgaam\u017ei\u0161kum\u0105, o automati\u0161kai valdomas stogas leid\u017eia lengvai reguliuoti ap\u0161vietim\u0105 ir apsaug\u0105 nuo oro s\u0105lyg\u0173. Integruota vandens nuvedimo sistema efektyviai pa\u0161alina lietaus vanden\u012f, i\u0161laikydama pergolos estetik\u0105. Standarti\u0161kai komplektuojamas LED ap\u0161vietimas sukuria [&hellip;]<\/p>\n","protected":false},"featured_media":21551,"comment_status":"open","ping_status":"closed","template":"","meta":{"_acf_changed":false,"_gspb_post_css":"","_kad_blocks_custom_css":"","_kad_blocks_head_custom_js":"","_kad_blocks_body_custom_js":"","_kad_blocks_footer_custom_js":""},"product_brand":[],"product_cat":[155],"product_tag":[],"class_list":{"0":"post-21258","1":"product","2":"type-product","3":"status-publish","4":"has-post-thumbnail","6":"product_cat-pergola-pavesines","8":"first","9":"instock","10":"taxable","11":"shipping-taxable","12":"purchasable","13":"product-type-variable"},"acf":[],"taxonomy_info":{"product_cat":[{"value":155,"label":"Pergola pav\u0117sin\u0117s"}]},"featured_image_src_large":["https:\/\/brevo.lt\/wp-content\/uploads\/2025\/02\/pergola-royal-15.webp",1000,1000,false],"author_info":[],"comment_info":1,"_links":{"self":[{"href":"https:\/\/brevo.lt\/ru\/wp-json\/wp\/v2\/product\/21258","targetHints":{"allow":["GET"]}}],"collection":[{"href":"https:\/\/brevo.lt\/ru\/wp-json\/wp\/v2\/product"}],"about":[{"href":"https:\/\/brevo.lt\/ru\/wp-json\/wp\/v2\/types\/product"}],"replies":[{"embeddable":true,"href":"https:\/\/brevo.lt\/ru\/wp-json\/wp\/v2\/comments?post=21258"}],"wp:featuredmedia":[{"embeddable":true,"href":"https:\/\/brevo.lt\/ru\/wp-json\/wp\/v2\/media\/21551"}],"wp:attachment":[{"href":"https:\/\/brevo.lt\/ru\/wp-json\/wp\/v2\/media?parent=21258"}],"wp:term":[{"taxonomy":"product_brand","embeddable":true,"href":"https:\/\/brevo.lt\/ru\/wp-json\/wp\/v2\/product_brand?post=21258"},{"taxonomy":"product_cat","embeddable":true,"href":"https:\/\/brevo.lt\/ru\/wp-json\/wp\/v2\/product_cat?post=21258"},{"taxonomy":"product_tag","embeddable":true,"href":"https:\/\/brevo.lt\/ru\/wp-json\/wp\/v2\/product_tag?post=21258"}],"curies":[{"name":"wp","href":"https:\/\/api.w.org\/{rel}","templated":true}]}}